{"id":3301,"date":"2025-11-26T23:23:18","date_gmt":"2025-11-26T23:23:18","guid":{"rendered":"https:\/\/labo.mindydigital.com\/contact-2\/"},"modified":"2026-01-05T13:43:33","modified_gmt":"2026-01-05T13:43:33","slug":"contact-our-lab","status":"publish","type":"page","link":"https:\/\/ldsleshopitaux.ma\/en\/contact-our-lab\/","title":{"rendered":"Contact"},"content":{"rendered":"\t\t<div data-elementor-type=\"wp-page\" data-elementor-id=\"3301\" class=\"elementor elementor-3301\" data-elementor-post-type=\"page\">\n\t\t\t\t\t\t<section class=\"elementor-section elementor-top-section elementor-element elementor-element-94ea210 elementor-section-boxed elementor-section-height-default elementor-section-height-default\" data-id=\"94ea210\" data-element_type=\"section\">\n\t\t\t\t\t\t<div class=\"elementor-container elementor-column-gap-default\">\n\t\t\t\t\t<div class=\"elementor-column elementor-col-50 elementor-top-column elementor-element elementor-element-7f9b5e7\" data-id=\"7f9b5e7\" data-element_type=\"column\">\n\t\t\t<div class=\"elementor-widget-wrap elementor-element-populated\">\n\t\t\t\t\t\t<div class=\"elementor-element elementor-element-6d67f2e elementor-widget elementor-widget-contact-box\" data-id=\"6d67f2e\" data-element_type=\"widget\" data-widget_type=\"contact-box.default\">\n\t\t\t\t<div class=\"elementor-widget-container\">\n\t\t\t\t\t        <div class=\"contact-info-wrap\">\r\n\t\t\t\t\t\t\t<h2 class=\"title\">Contact Our Laboratory<\/h2>\r\n\t\t\t\t\t\t                            <ul class=\"list-wrap\">\r\n                \t                        <li>\r\n                            <div class=\"icon\">\r\n                                <i class=\"ficon flaticon-pin-1\"><\/i>\r\n                            <\/div>\r\n                            <div class=\"content\">\r\n                                <p>27 Rue Lahcen Al Aarjoune, Quartier les Hopitaux, <br> Casablanca<\/p>\r\n                            <\/div>\r\n                        <\/li>\r\n                                            <li>\r\n                            <div class=\"icon\">\r\n                                <i class=\"ficon flaticon-phone-call\"><\/i>\r\n                            <\/div>\r\n                            <div class=\"content\">\r\n                                <p>0522815936 <br> <\/p>\r\n                            <\/div>\r\n                        <\/li>\r\n                                            <li>\r\n                            <div class=\"icon\">\r\n                                <i class=\"ficon flaticon-email\"><\/i>\r\n                            <\/div>\r\n                            <div class=\"content\">\r\n                                <p>contact@ldsleshopitaux.ma <br> <\/p>\r\n                            <\/div>\r\n                        <\/li>\r\n                                    <\/ul>\r\n                    <\/div>\r\n\t\t\t\t\t<\/div>\n\t\t\t\t<\/div>\n\t\t\t\t\t<\/div>\n\t\t<\/div>\n\t\t\t\t<div class=\"elementor-column elementor-col-50 elementor-top-column elementor-element elementor-element-a1bf8d2\" data-id=\"a1bf8d2\" data-element_type=\"column\">\n\t\t\t<div class=\"elementor-widget-wrap elementor-element-populated\">\n\t\t\t\t\t\t<div class=\"elementor-element elementor-element-22952a8 elementor-widget elementor-widget-contact-box\" data-id=\"22952a8\" data-element_type=\"widget\" data-widget_type=\"contact-box.default\">\n\t\t\t\t<div class=\"elementor-widget-container\">\n\t\t\t\t\t        <div class=\"contact-info-wrap\">\r\n\t\t\t\t\t\t\t<h2 class=\"title\">Our Opening Hours<\/h2>\r\n\t\t\t\t\t\t                            <ul class=\"list-wrap\">\r\n                \t                        <li>\r\n                            <div class=\"icon\">\r\n                                <i class=\"fal fa-hourglass\"><\/i>\r\n                            <\/div>\r\n                            <div class=\"content\">\r\n                                <p>Monday - Friday <br> 07H30 - 18H30<\/p>\r\n                            <\/div>\r\n                        <\/li>\r\n                                            <li>\r\n                            <div class=\"icon\">\r\n                                <i class=\"fal fa-hourglass\"><\/i>\r\n                            <\/div>\r\n                            <div class=\"content\">\r\n                                <p>Saturday <br> 07H30 - 13H00<\/p>\r\n                            <\/div>\r\n                        <\/li>\r\n                                            <li>\r\n                            <div class=\"icon\">\r\n                                <i class=\"fal fa-hourglass\"><\/i>\r\n                            <\/div>\r\n                            <div class=\"content\">\r\n                                <p>Ramadan <br> 08H30 - 16H00<\/p>\r\n                            <\/div>\r\n                        <\/li>\r\n                                            <li>\r\n                            <div class=\"icon\">\r\n                                <i class=\"fal fa-hourglass\"><\/i>\r\n                            <\/div>\r\n                            <div class=\"content\">\r\n                                <p>Emergencies <br> 24H\/7<\/p>\r\n                            <\/div>\r\n                        <\/li>\r\n                                    <\/ul>\r\n                    <\/div>\r\n\t\t\t\t\t<\/div>\n\t\t\t\t<\/div>\n\t\t\t\t\t<\/div>\n\t\t<\/div>\n\t\t\t\t\t<\/div>\n\t\t<\/section>\n\t\t\t\t<section class=\"elementor-section elementor-top-section elementor-element elementor-element-cda733e elementor-section-full_width elementor-section-height-default elementor-section-height-default\" data-id=\"cda733e\" data-element_type=\"section\">\n\t\t\t\t\t\t<div class=\"elementor-container elementor-column-gap-default\">\n\t\t\t\t\t<div class=\"elementor-column elementor-col-100 elementor-top-column elementor-element elementor-element-4107e0a\" data-id=\"4107e0a\" data-element_type=\"column\">\n\t\t\t<div class=\"elementor-widget-wrap elementor-element-populated\">\n\t\t\t\t\t\t<div class=\"elementor-element elementor-element-d74386a elementor-widget elementor-widget-google_maps\" data-id=\"d74386a\" data-element_type=\"widget\" data-widget_type=\"google_maps.default\">\n\t\t\t\t\t\t\t<div class=\"elementor-custom-embed\">\n\t\t\t<iframe\n\t\t\t\t\tdata-src=\"https:\/\/maps.google.com\/maps?q=laboratoire%20d%27analyses%20m%C3%A9dicale%20derb%20soltane%20les%20h%C3%B4pitaux&#038;t=m&#038;z=13&#038;output=embed&#038;iwloc=near\"\n\t\t\t\t\ttitle=\"laboratoire d&#039;analyses m\u00e9dicale derb soltane les h\u00f4pitaux\"\n\t\t\t\t\taria-label=\"laboratoire d&#039;analyses m\u00e9dicale derb soltane les h\u00f4pitaux\"\n\t\t\t src=\"data:image\/gif;base64,R0lGODlhAQABAAAAACH5BAEKAAEALAAAAAABAAEAAAICTAEAOw==\" class=\"lazyload\" data-load-mode=\"1\"><\/iframe>\n\t\t<\/div>\n\t\t\t\t\t\t<\/div>\n\t\t\t\t\t<\/div>\n\t\t<\/div>\n\t\t\t\t\t<\/div>\n\t\t<\/section>\n\t\t\t\t<\/div>\n\t\t","protected":false},"excerpt":{"rendered":"<p>Contact Our Laboratory 27 Rue Lahcen Al Aarjoune, Quartier les Hopitaux, Casablanca 0522815936 contact@ldsleshopitaux.ma Our Opening Hours Monday &#8211; Friday 07H30 &#8211; 18H30 Saturday 07H30 &#8211; 13H00 Ramadan 08H30 &#8211; [&hellip;]<\/p>\n","protected":false},"author":1,"featured_media":0,"parent":0,"menu_order":0,"comment_status":"closed","ping_status":"closed","template":"elementor_header_footer","meta":{"_acf_changed":false,"footnotes":""},"class_list":["post-3301","page","type-page","status-publish","hentry"],"acf":[],"yoast_head":"<!-- This site is optimized with the Yoast SEO Premium plugin v26.9 (Yoast SEO v26.9) - https:\/\/yoast.com\/product\/yoast-seo-premium-wordpress\/ -->\n<title>Contact - Laboratoire d&#039;analyses m\u00e9dicale derb soltane les h\u00f4pitaux<\/title>\n<meta name=\"robots\" content=\"index, follow, max-snippet:-1, max-image-preview:large, max-video-preview:-1\" \/>\n<link rel=\"canonical\" href=\"https:\/\/ldsleshopitaux.ma\/en\/contact-our-lab\/\" \/>\n<meta property=\"og:locale\" content=\"en_US\" \/>\n<meta property=\"og:type\" content=\"article\" \/>\n<meta property=\"og:title\" content=\"Contact\" \/>\n<meta property=\"og:description\" content=\"Contact Our Laboratory 27 Rue Lahcen Al Aarjoune, Quartier les Hopitaux, Casablanca 0522815936 contact@ldsleshopitaux.ma Our Opening Hours Monday &#8211; Friday 07H30 &#8211; 18H30 Saturday 07H30 &#8211; 13H00 Ramadan 08H30 &#8211; [&hellip;]\" \/>\n<meta property=\"og:url\" content=\"https:\/\/ldsleshopitaux.ma\/en\/contact-our-lab\/\" \/>\n<meta property=\"og:site_name\" content=\"Laboratoire d&#039;analyses m\u00e9dicale derb soltane les h\u00f4pitaux\" \/>\n<meta property=\"article:modified_time\" content=\"2026-01-05T13:43:33+00:00\" \/>\n<meta property=\"og:image\" content=\"https:\/\/ldsleshopitaux.ma\/wp-content\/uploads\/2025\/12\/reactivite.ai-19.png\" \/>\n\t<meta property=\"og:image:width\" content=\"1181\" \/>\n\t<meta property=\"og:image:height\" content=\"1181\" \/>\n\t<meta property=\"og:image:type\" content=\"image\/png\" \/>\n<meta name=\"twitter:card\" content=\"summary_large_image\" \/>\n<script type=\"application\/ld+json\" class=\"yoast-schema-graph\">{\"@context\":\"https:\/\/schema.org\",\"@graph\":[{\"@type\":\"WebPage\",\"@id\":\"https:\/\/ldsleshopitaux.ma\/en\/contact-our-lab\/\",\"url\":\"https:\/\/ldsleshopitaux.ma\/en\/contact-our-lab\/\",\"name\":\"Contact - Laboratoire d&#039;analyses m\u00e9dicale derb soltane les h\u00f4pitaux\",\"isPartOf\":{\"@id\":\"https:\/\/ldsleshopitaux.ma\/#website\"},\"datePublished\":\"2025-11-26T23:23:18+00:00\",\"dateModified\":\"2026-01-05T13:43:33+00:00\",\"breadcrumb\":{\"@id\":\"https:\/\/ldsleshopitaux.ma\/en\/contact-our-lab\/#breadcrumb\"},\"inLanguage\":\"en-US\",\"potentialAction\":[{\"@type\":\"ReadAction\",\"target\":[\"https:\/\/ldsleshopitaux.ma\/en\/contact-our-lab\/\"]}]},{\"@type\":\"BreadcrumbList\",\"@id\":\"https:\/\/ldsleshopitaux.ma\/en\/contact-our-lab\/#breadcrumb\",\"itemListElement\":[{\"@type\":\"ListItem\",\"position\":1,\"name\":\"Home\",\"item\":\"https:\/\/ldsleshopitaux.ma\/en\/\"},{\"@type\":\"ListItem\",\"position\":2,\"name\":\"Contact\"}]},{\"@type\":\"WebSite\",\"@id\":\"https:\/\/ldsleshopitaux.ma\/#website\",\"url\":\"https:\/\/ldsleshopitaux.ma\/\",\"name\":\"Laboratoire d&#039;analyses m\u00e9dicale derb soltane les h\u00f4pitaux\",\"description\":\"Le Premier Laboratoire de sous-traitance au Maroc\",\"publisher\":{\"@id\":\"https:\/\/ldsleshopitaux.ma\/#organization\"},\"alternateName\":\"Laboratoire Derb Soltane Les H\u00f4pitaux\",\"potentialAction\":[{\"@type\":\"SearchAction\",\"target\":{\"@type\":\"EntryPoint\",\"urlTemplate\":\"https:\/\/ldsleshopitaux.ma\/?s={search_term_string}\"},\"query-input\":{\"@type\":\"PropertyValueSpecification\",\"valueRequired\":true,\"valueName\":\"search_term_string\"}}],\"inLanguage\":\"en-US\"},{\"@type\":\"Organization\",\"@id\":\"https:\/\/ldsleshopitaux.ma\/#organization\",\"name\":\"Laboratoire d'Analyses M\u00e9dicales Derb Soltane Les H\u00f4pitaux\",\"alternateName\":\"Laboratoire Derb Soltane Les H\u00f4pitaux\",\"url\":\"https:\/\/ldsleshopitaux.ma\/\",\"logo\":{\"@type\":\"ImageObject\",\"inLanguage\":\"en-US\",\"@id\":\"https:\/\/ldsleshopitaux.ma\/#\/schema\/logo\/image\/\",\"url\":\"https:\/\/ldsleshopitaux.ma\/wp-content\/uploads\/2025\/12\/reactivite.ai-19.png\",\"contentUrl\":\"https:\/\/ldsleshopitaux.ma\/wp-content\/uploads\/2025\/12\/reactivite.ai-19.png\",\"width\":1181,\"height\":1181,\"caption\":\"Laboratoire d'Analyses M\u00e9dicales Derb Soltane Les H\u00f4pitaux\"},\"image\":{\"@id\":\"https:\/\/ldsleshopitaux.ma\/#\/schema\/logo\/image\/\"},\"description\":\"Fond\u00e9 en 1997, le Laboratoire d'Analyses M\u00e9dicales Derb Soltane Les H\u00f4pitaux est un \u00e9tablissement de sant\u00e9 de r\u00e9f\u00e9rence situ\u00e9 au c\u0153ur de Casablanca. Fort de plus de 28 ans d'expertise, notre laboratoire propose une large gamme d'analyses biologiques (biochimie, h\u00e9matologie, g\u00e9n\u00e9tique, biologie mol\u00e9culaire) et offre un service de pr\u00e9l\u00e8vements \u00e0 domicile disponible 24h\/7. Notre mission est d'assurer des diagnostics pr\u00e9cis et rapides pour nos patients et partenaires m\u00e9dicaux.\",\"email\":\"contact@ldsleshopitaux.ma\"}]}<\/script>\n<!-- \/ Yoast SEO Premium plugin. -->","yoast_head_json":{"title":"Contact - Laboratoire d&#039;analyses m\u00e9dicale derb soltane les h\u00f4pitaux","robots":{"index":"index","follow":"follow","max-snippet":"max-snippet:-1","max-image-preview":"max-image-preview:large","max-video-preview":"max-video-preview:-1"},"canonical":"https:\/\/ldsleshopitaux.ma\/en\/contact-our-lab\/","og_locale":"en_US","og_type":"article","og_title":"Contact","og_description":"Contact Our Laboratory 27 Rue Lahcen Al Aarjoune, Quartier les Hopitaux, Casablanca 0522815936 contact@ldsleshopitaux.ma Our Opening Hours Monday &#8211; Friday 07H30 &#8211; 18H30 Saturday 07H30 &#8211; 13H00 Ramadan 08H30 &#8211; [&hellip;]","og_url":"https:\/\/ldsleshopitaux.ma\/en\/contact-our-lab\/","og_site_name":"Laboratoire d&#039;analyses m\u00e9dicale derb soltane les h\u00f4pitaux","article_modified_time":"2026-01-05T13:43:33+00:00","og_image":[{"width":1181,"height":1181,"url":"https:\/\/ldsleshopitaux.ma\/wp-content\/uploads\/2025\/12\/reactivite.ai-19.png","type":"image\/png"}],"twitter_card":"summary_large_image","schema":{"@context":"https:\/\/schema.org","@graph":[{"@type":"WebPage","@id":"https:\/\/ldsleshopitaux.ma\/en\/contact-our-lab\/","url":"https:\/\/ldsleshopitaux.ma\/en\/contact-our-lab\/","name":"Contact - Laboratoire d&#039;analyses m\u00e9dicale derb soltane les h\u00f4pitaux","isPartOf":{"@id":"https:\/\/ldsleshopitaux.ma\/#website"},"datePublished":"2025-11-26T23:23:18+00:00","dateModified":"2026-01-05T13:43:33+00:00","breadcrumb":{"@id":"https:\/\/ldsleshopitaux.ma\/en\/contact-our-lab\/#breadcrumb"},"inLanguage":"en-US","potentialAction":[{"@type":"ReadAction","target":["https:\/\/ldsleshopitaux.ma\/en\/contact-our-lab\/"]}]},{"@type":"BreadcrumbList","@id":"https:\/\/ldsleshopitaux.ma\/en\/contact-our-lab\/#breadcrumb","itemListElement":[{"@type":"ListItem","position":1,"name":"Home","item":"https:\/\/ldsleshopitaux.ma\/en\/"},{"@type":"ListItem","position":2,"name":"Contact"}]},{"@type":"WebSite","@id":"https:\/\/ldsleshopitaux.ma\/#website","url":"https:\/\/ldsleshopitaux.ma\/","name":"Laboratoire d&#039;analyses m\u00e9dicale derb soltane les h\u00f4pitaux","description":"Le Premier Laboratoire de sous-traitance au Maroc","publisher":{"@id":"https:\/\/ldsleshopitaux.ma\/#organization"},"alternateName":"Laboratoire Derb Soltane Les H\u00f4pitaux","potentialAction":[{"@type":"SearchAction","target":{"@type":"EntryPoint","urlTemplate":"https:\/\/ldsleshopitaux.ma\/?s={search_term_string}"},"query-input":{"@type":"PropertyValueSpecification","valueRequired":true,"valueName":"search_term_string"}}],"inLanguage":"en-US"},{"@type":"Organization","@id":"https:\/\/ldsleshopitaux.ma\/#organization","name":"Laboratoire d'Analyses M\u00e9dicales Derb Soltane Les H\u00f4pitaux","alternateName":"Laboratoire Derb Soltane Les H\u00f4pitaux","url":"https:\/\/ldsleshopitaux.ma\/","logo":{"@type":"ImageObject","inLanguage":"en-US","@id":"https:\/\/ldsleshopitaux.ma\/#\/schema\/logo\/image\/","url":"https:\/\/ldsleshopitaux.ma\/wp-content\/uploads\/2025\/12\/reactivite.ai-19.png","contentUrl":"https:\/\/ldsleshopitaux.ma\/wp-content\/uploads\/2025\/12\/reactivite.ai-19.png","width":1181,"height":1181,"caption":"Laboratoire d'Analyses M\u00e9dicales Derb Soltane Les H\u00f4pitaux"},"image":{"@id":"https:\/\/ldsleshopitaux.ma\/#\/schema\/logo\/image\/"},"description":"Fond\u00e9 en 1997, le Laboratoire d'Analyses M\u00e9dicales Derb Soltane Les H\u00f4pitaux est un \u00e9tablissement de sant\u00e9 de r\u00e9f\u00e9rence situ\u00e9 au c\u0153ur de Casablanca. Fort de plus de 28 ans d'expertise, notre laboratoire propose une large gamme d'analyses biologiques (biochimie, h\u00e9matologie, g\u00e9n\u00e9tique, biologie mol\u00e9culaire) et offre un service de pr\u00e9l\u00e8vements \u00e0 domicile disponible 24h\/7. Notre mission est d'assurer des diagnostics pr\u00e9cis et rapides pour nos patients et partenaires m\u00e9dicaux.","email":"contact@ldsleshopitaux.ma"}]}},"_hostinger_reach_plugin_has_subscription_block":false,"_hostinger_reach_plugin_is_elementor":false,"_links":{"self":[{"href":"https:\/\/ldsleshopitaux.ma\/en\/wp-json\/wp\/v2\/pages\/3301","targetHints":{"allow":["GET"]}}],"collection":[{"href":"https:\/\/ldsleshopitaux.ma\/en\/wp-json\/wp\/v2\/pages"}],"about":[{"href":"https:\/\/ldsleshopitaux.ma\/en\/wp-json\/wp\/v2\/types\/page"}],"author":[{"embeddable":true,"href":"https:\/\/ldsleshopitaux.ma\/en\/wp-json\/wp\/v2\/users\/1"}],"replies":[{"embeddable":true,"href":"https:\/\/ldsleshopitaux.ma\/en\/wp-json\/wp\/v2\/comments?post=3301"}],"version-history":[{"count":17,"href":"https:\/\/ldsleshopitaux.ma\/en\/wp-json\/wp\/v2\/pages\/3301\/revisions"}],"predecessor-version":[{"id":3891,"href":"https:\/\/ldsleshopitaux.ma\/en\/wp-json\/wp\/v2\/pages\/3301\/revisions\/3891"}],"wp:attachment":[{"href":"https:\/\/ldsleshopitaux.ma\/en\/wp-json\/wp\/v2\/media?parent=3301"}],"curies":[{"name":"wp","href":"https:\/\/api.w.org\/{rel}","templated":true}]}}