{"id":3277,"date":"2025-11-27T00:18:31","date_gmt":"2025-11-27T00:18:31","guid":{"rendered":"https:\/\/labo.mindydigital.com\/espace-professionnel\/"},"modified":"2025-12-30T15:22:57","modified_gmt":"2025-12-30T15:22:57","slug":"professional-area","status":"publish","type":"page","link":"https:\/\/ldsleshopitaux.ma\/en\/professional-area\/","title":{"rendered":"Professional Area"},"content":{"rendered":"\t\t<div data-elementor-type=\"wp-page\" data-elementor-id=\"3277\" class=\"elementor elementor-3277\" data-elementor-post-type=\"page\">\n\t\t\t\t<div class=\"elementor-element elementor-element-2b3550a e-flex e-con-boxed e-con e-parent\" data-id=\"2b3550a\" data-element_type=\"container\" data-settings=\"{&quot;background_background&quot;:&quot;classic&quot;}\">\n\t\t\t\t\t<div class=\"e-con-inner\">\n\t\t<div class=\"elementor-element elementor-element-5f1da7b e-con-full e-flex e-con e-child\" data-id=\"5f1da7b\" data-element_type=\"container\">\n\t\t\t\t<div class=\"elementor-element elementor-element-135a96c elementor-widget elementor-widget-section-head-two\" data-id=\"135a96c\" data-element_type=\"widget\" data-widget_type=\"section-head-two.default\">\n\t\t\t\t<div class=\"elementor-widget-container\">\n\t\t\t\t\t\n\t\t            <div class=\"section__title text-left\">\n            \t\t                            \t<h2 class=\"title tg-svg\">Professional <span class=\"position-relative\"><span class=\"svg-icon\" id=\"svg-3852256374\" data-svg-icon=\"https:\/\/ldsleshopitaux.ma\/wp-content\/themes\/eduvalt\/assets\/img\/icons\/title_shape.svg\"><\/span>Area<\/span> <\/h2>\n\t            \t                        <\/div>\n\n\t\t\t\t\t\t\t\t<\/div>\n\t\t\t\t<\/div>\n\t\t\t\t<div class=\"elementor-element elementor-element-131700b elementor-widget elementor-widget-text-editor\" data-id=\"131700b\" data-element_type=\"widget\" data-widget_type=\"text-editor.default\">\n\t\t\t\t\t\t\t\t\t<p class=\"cvGsUA direction-ltr align-start para-style-body\">This space is dedicated to healthcare professionals \u2013 physicians and biologists \u2013 who collaborate with our laboratory. Its purpose is to facilitate communication, the monitoring of analyses, and scientific information in order to ensure optimal patient care.<\/p>\t\t\t\t\t\t\t\t<\/div>\n\t\t\t\t<div class=\"elementor-element elementor-element-dde3fd7 elementor-widget elementor-widget-text-editor\" data-id=\"dde3fd7\" data-element_type=\"widget\" data-widget_type=\"text-editor.default\">\n\t\t\t\t\t\t\t\t\t<h4 data-start=\"6716\" data-end=\"6740\"><span style=\"color: #842321;\"><strong data-start=\"6719\" data-end=\"6740\">For Doctors<\/strong><\/span><\/h4><p>\u00a0<\/p><p data-start=\"6741\" data-end=\"6817\">We support doctors in the care of their patients:<\/p><ul data-start=\"6818\" data-end=\"7052\"><li data-start=\"6818\" data-end=\"6866\"><p data-start=\"6820\" data-end=\"6866\">Transmission of prescriptions and samples<\/p><\/li><li data-start=\"6867\" data-end=\"6908\"><p data-start=\"6869\" data-end=\"6908\">Secure access to online results<\/p><\/li><li data-start=\"6909\" data-end=\"6979\"><p data-start=\"6911\" data-end=\"6979\">Technical assistance and support for the interpretation of analyses<\/p><\/li><li data-start=\"6980\" data-end=\"7052\"><p data-start=\"6982\" data-end=\"7052\">Direct communication with our biologists in case of clinical questions<\/p><\/li><\/ul><p data-start=\"7054\" data-end=\"7166\"><strong data-start=\"7054\" data-end=\"7076\">Contact doctors :<\/strong><\/p><ul><li data-start=\"7054\" data-end=\"7166\"><span style=\"color: #993366;\"><a style=\"color: #993366;\" href=\"tel:+212522815940\"><strong><span aria-label=\"Appeler le 05228-15940\">0522815936<\/span><\/strong><\/a><\/span><\/li><\/ul><p><strong>\u00a0<\/strong><\/p>\t\t\t\t\t\t\t\t<\/div>\n\t\t\t\t<div class=\"elementor-element elementor-element-9a4039f elementor-widget elementor-widget-text-editor\" data-id=\"9a4039f\" data-element_type=\"widget\" data-widget_type=\"text-editor.default\">\n\t\t\t\t\t\t\t\t\t<h4 data-start=\"7173\" data-end=\"7200\"><span style=\"color: #842321;\"><strong>For Biologists<\/strong><\/span><\/h4><p>\u00a0<\/p><p data-start=\"7201\" data-end=\"7379\">The laboratory offers a subcontracting service for specialized analyses, particularly in genetics, immunophenotyping, molecular biology and highly technical examinations.<\/p><p data-start=\"7381\" data-end=\"7398\">We provide:<\/p><ul data-start=\"7399\" data-end=\"7629\"><li data-start=\"7399\" data-end=\"7439\"><p data-start=\"7401\" data-end=\"7439\">Secure sample reception<\/p><\/li><li data-start=\"7440\" data-end=\"7498\"><p data-start=\"7442\" data-end=\"7498\">Compliance with protocols and the chain of custody<\/p><\/li><li data-start=\"7499\" data-end=\"7526\"><p data-start=\"7501\" data-end=\"7526\">Fast turnaround times<\/p><\/li><li data-start=\"7527\" data-end=\"7566\"><p data-start=\"7529\" data-end=\"7566\">Absolute data confidentiality<\/p><\/li><li data-start=\"7567\" data-end=\"7629\"><p data-start=\"7569\" data-end=\"7629\">Detailed reports validated by an expert biologist<\/p><\/li><\/ul><p data-start=\"7631\" data-end=\"7714\"><strong data-start=\"7631\" data-end=\"7659\">Subcontracting contact :<\/strong><\/p><ul><li><strong><span style=\"color: #842321;\">Mr Abdelilah Khenibro : +212 666-614917<\/span>\u00a0<\/strong><\/li><li data-start=\"7054\" data-end=\"7166\"><span style=\"color: #842321;\"><strong>+212 522837943<\/strong><\/span><\/li><li data-start=\"7054\" data-end=\"7166\"><strong><span style=\"color: #842321;\">+212 522837745<\/span><\/strong><\/li><li data-start=\"7054\" data-end=\"7166\"><strong><span style=\"color: #842321;\">+212 522860612<\/span><\/strong><\/li><li data-start=\"7054\" data-end=\"7166\"><strong><span style=\"color: #842321;\">Whatsapp : +212 661345068<\/span><\/strong><\/li><\/ul>\t\t\t\t\t\t\t\t<\/div>\n\t\t\t\t<\/div>\n\t\t<div class=\"elementor-element elementor-element-75abaee e-con-full e-flex e-con e-child\" data-id=\"75abaee\" data-element_type=\"container\">\n\t\t\t\t<div class=\"elementor-element elementor-element-66c0420 elementor-widget elementor-widget-image\" data-id=\"66c0420\" data-element_type=\"widget\" data-widget_type=\"image.default\">\n\t\t\t\t\t\t\t\t\t\t\t\t\t\t\t<img fetchpriority=\"high\" decoding=\"async\" width=\"640\" height=\"640\" src=\"https:\/\/ldsleshopitaux.ma\/wp-content\/uploads\/2025\/12\/reactivite.ai-8-768x768.png\" class=\"attachment-medium_large size-medium_large wp-image-2691\" alt=\"\" srcset=\"https:\/\/ldsleshopitaux.ma\/wp-content\/uploads\/2025\/12\/reactivite.ai-8-768x768.png 768w, https:\/\/ldsleshopitaux.ma\/wp-content\/uploads\/2025\/12\/reactivite.ai-8-300x300.png 300w, https:\/\/ldsleshopitaux.ma\/wp-content\/uploads\/2025\/12\/reactivite.ai-8-1024x1024.png 1024w, https:\/\/ldsleshopitaux.ma\/wp-content\/uploads\/2025\/12\/reactivite.ai-8-150x150.png 150w, https:\/\/ldsleshopitaux.ma\/wp-content\/uploads\/2025\/12\/reactivite.ai-8-350x350.png 350w, https:\/\/ldsleshopitaux.ma\/wp-content\/uploads\/2025\/12\/reactivite.ai-8-650x650.png 650w, https:\/\/ldsleshopitaux.ma\/wp-content\/uploads\/2025\/12\/reactivite.ai-8.png 1181w\" sizes=\"(max-width: 640px) 100vw, 640px\" \/>\t\t\t\t\t\t\t\t\t\t\t\t\t\t\t<\/div>\n\t\t\t\t<div class=\"elementor-element elementor-element-41ae53f elementor-widget elementor-widget-image\" data-id=\"41ae53f\" data-element_type=\"widget\" data-widget_type=\"image.default\">\n\t\t\t\t\t\t\t\t\t\t\t\t\t\t\t<img decoding=\"async\" width=\"640\" height=\"640\" data-src=\"https:\/\/ldsleshopitaux.ma\/wp-content\/uploads\/2025\/12\/reactivite.ai-9-768x768.png\" class=\"attachment-medium_large size-medium_large wp-image-2699 lazyload\" alt=\"\" data-srcset=\"https:\/\/ldsleshopitaux.ma\/wp-content\/uploads\/2025\/12\/reactivite.ai-9-768x768.png 768w, https:\/\/ldsleshopitaux.ma\/wp-content\/uploads\/2025\/12\/reactivite.ai-9-300x300.png 300w, https:\/\/ldsleshopitaux.ma\/wp-content\/uploads\/2025\/12\/reactivite.ai-9-1024x1024.png 1024w, https:\/\/ldsleshopitaux.ma\/wp-content\/uploads\/2025\/12\/reactivite.ai-9-150x150.png 150w, https:\/\/ldsleshopitaux.ma\/wp-content\/uploads\/2025\/12\/reactivite.ai-9-350x350.png 350w, https:\/\/ldsleshopitaux.ma\/wp-content\/uploads\/2025\/12\/reactivite.ai-9-650x650.png 650w, https:\/\/ldsleshopitaux.ma\/wp-content\/uploads\/2025\/12\/reactivite.ai-9.png 1181w\" data-sizes=\"(max-width: 640px) 100vw, 640px\" src=\"data:image\/gif;base64,R0lGODlhAQABAAAAACH5BAEKAAEALAAAAAABAAEAAAICTAEAOw==\" style=\"--smush-placeholder-width: 640px; --smush-placeholder-aspect-ratio: 640\/640;\" \/>\t\t\t\t\t\t\t\t\t\t\t\t\t\t\t<\/div>\n\t\t\t\t<\/div>\n\t\t\t\t\t<\/div>\n\t\t\t\t<\/div>\n\t\t\t\t<section class=\"elementor-section elementor-top-section elementor-element elementor-element-6cb3d33 elementor-section-boxed elementor-section-height-default elementor-section-height-default\" data-id=\"6cb3d33\" data-element_type=\"section\">\n\t\t\t\t\t\t<div class=\"elementor-container elementor-column-gap-default\">\n\t\t\t\t\t<div class=\"elementor-column elementor-col-100 elementor-top-column elementor-element elementor-element-9531c63\" data-id=\"9531c63\" data-element_type=\"column\">\n\t\t\t<div class=\"elementor-widget-wrap elementor-element-populated\">\n\t\t\t\t\t\t<div class=\"elementor-element elementor-element-89f8b8e elementor-widget elementor-widget-section-head-two\" data-id=\"89f8b8e\" data-element_type=\"widget\" data-widget_type=\"section-head-two.default\">\n\t\t\t\t<div class=\"elementor-widget-container\">\n\t\t\t\t\t\n\t\t            <div class=\"section__title text-center\">\n            \t\t                            \t<h2 class=\"title tg-svg\">Need <span class=\"position-relative\"><span class=\"svg-icon\" id=\"svg-2652925218\" data-svg-icon=\"https:\/\/ldsleshopitaux.ma\/wp-content\/themes\/eduvalt\/assets\/img\/icons\/title_shape.svg\"><\/span>informations ?<\/span> <\/h2>\n\t            \t                        <\/div>\n\n\t\t\t\t\t\t\t\t<\/div>\n\t\t\t\t<\/div>\n\t\t\t\t<div class=\"elementor-element elementor-element-fd629dc elementor-widget elementor-widget-text-editor\" data-id=\"fd629dc\" data-element_type=\"widget\" data-widget_type=\"text-editor.default\">\n\t\t\t\t\t\t\t\t\t<p style=\"text-align: center;\"><span class=\"a_GcMg font-feature-liga-off font-feature-clig-off font-feature-calt-off text-decoration-none text-strikethrough-none\">For any information or inquiries, please feel free to call us at : <a href=\"tel:+212522815940\"><strong><span aria-label=\"Appeler le 05228-15940\">0522815936<\/span><\/strong><\/a><\/span><\/p>\t\t\t\t\t\t\t\t<\/div>\n\t\t\t\t\t<\/div>\n\t\t<\/div>\n\t\t\t\t\t<\/div>\n\t\t<\/section>\n\t\t\t\t<\/div>\n\t\t","protected":false},"excerpt":{"rendered":"<p>Professional Area This space is dedicated to healthcare professionals \u2013 physicians and biologists \u2013 who collaborate with our laboratory. Its purpose is to facilitate communication, the monitoring of analyses, and [&hellip;]<\/p>\n","protected":false},"author":1,"featured_media":0,"parent":0,"menu_order":0,"comment_status":"closed","ping_status":"closed","template":"elementor_header_footer","meta":{"_acf_changed":false,"footnotes":""},"class_list":["post-3277","page","type-page","status-publish","hentry"],"acf":[],"yoast_head":"<!-- This site is optimized with the Yoast SEO Premium plugin v26.9 (Yoast SEO v26.9) - https:\/\/yoast.com\/product\/yoast-seo-premium-wordpress\/ -->\n<title>Professional Area - Laboratoire d&#039;analyses m\u00e9dicale derb soltane les h\u00f4pitaux<\/title>\n<meta name=\"robots\" content=\"index, follow, max-snippet:-1, max-image-preview:large, max-video-preview:-1\" \/>\n<link rel=\"canonical\" href=\"https:\/\/ldsleshopitaux.ma\/en\/professional-area\/\" \/>\n<meta property=\"og:locale\" content=\"en_US\" \/>\n<meta property=\"og:type\" content=\"article\" \/>\n<meta property=\"og:title\" content=\"Professional Area\" \/>\n<meta property=\"og:description\" content=\"Professional Area This space is dedicated to healthcare professionals \u2013 physicians and biologists \u2013 who collaborate with our laboratory. Its purpose is to facilitate communication, the monitoring of analyses, and [&hellip;]\" \/>\n<meta property=\"og:url\" content=\"https:\/\/ldsleshopitaux.ma\/en\/professional-area\/\" \/>\n<meta property=\"og:site_name\" content=\"Laboratoire d&#039;analyses m\u00e9dicale derb soltane les h\u00f4pitaux\" \/>\n<meta property=\"article:modified_time\" content=\"2025-12-30T15:22:57+00:00\" \/>\n<meta property=\"og:image\" content=\"https:\/\/ldsleshopitaux.ma\/wp-content\/uploads\/2025\/12\/reactivite.ai-8.png\" \/>\n\t<meta property=\"og:image:width\" content=\"1181\" \/>\n\t<meta property=\"og:image:height\" content=\"1181\" \/>\n\t<meta property=\"og:image:type\" content=\"image\/png\" \/>\n<meta name=\"twitter:card\" content=\"summary_large_image\" \/>\n<meta name=\"twitter:label1\" content=\"Est. reading time\" \/>\n\t<meta name=\"twitter:data1\" content=\"1 minute\" \/>\n<script type=\"application\/ld+json\" class=\"yoast-schema-graph\">{\"@context\":\"https:\/\/schema.org\",\"@graph\":[{\"@type\":\"WebPage\",\"@id\":\"https:\/\/ldsleshopitaux.ma\/en\/professional-area\/\",\"url\":\"https:\/\/ldsleshopitaux.ma\/en\/professional-area\/\",\"name\":\"Professional Area - Laboratoire d&#039;analyses m\u00e9dicale derb soltane les h\u00f4pitaux\",\"isPartOf\":{\"@id\":\"https:\/\/ldsleshopitaux.ma\/#website\"},\"primaryImageOfPage\":{\"@id\":\"https:\/\/ldsleshopitaux.ma\/en\/professional-area\/#primaryimage\"},\"image\":{\"@id\":\"https:\/\/ldsleshopitaux.ma\/en\/professional-area\/#primaryimage\"},\"thumbnailUrl\":\"https:\/\/ldsleshopitaux.ma\/wp-content\/uploads\/2025\/12\/reactivite.ai-8-768x768.png\",\"datePublished\":\"2025-11-27T00:18:31+00:00\",\"dateModified\":\"2025-12-30T15:22:57+00:00\",\"breadcrumb\":{\"@id\":\"https:\/\/ldsleshopitaux.ma\/en\/professional-area\/#breadcrumb\"},\"inLanguage\":\"en-US\",\"potentialAction\":[{\"@type\":\"ReadAction\",\"target\":[\"https:\/\/ldsleshopitaux.ma\/en\/professional-area\/\"]}]},{\"@type\":\"ImageObject\",\"inLanguage\":\"en-US\",\"@id\":\"https:\/\/ldsleshopitaux.ma\/en\/professional-area\/#primaryimage\",\"url\":\"https:\/\/ldsleshopitaux.ma\/wp-content\/uploads\/2025\/12\/reactivite.ai-8-768x768.png\",\"contentUrl\":\"https:\/\/ldsleshopitaux.ma\/wp-content\/uploads\/2025\/12\/reactivite.ai-8-768x768.png\"},{\"@type\":\"BreadcrumbList\",\"@id\":\"https:\/\/ldsleshopitaux.ma\/en\/professional-area\/#breadcrumb\",\"itemListElement\":[{\"@type\":\"ListItem\",\"position\":1,\"name\":\"Home\",\"item\":\"https:\/\/ldsleshopitaux.ma\/en\/\"},{\"@type\":\"ListItem\",\"position\":2,\"name\":\"Professional Area\"}]},{\"@type\":\"WebSite\",\"@id\":\"https:\/\/ldsleshopitaux.ma\/#website\",\"url\":\"https:\/\/ldsleshopitaux.ma\/\",\"name\":\"Laboratoire d&#039;analyses m\u00e9dicale derb soltane les h\u00f4pitaux\",\"description\":\"Le Premier Laboratoire de sous-traitance au Maroc\",\"publisher\":{\"@id\":\"https:\/\/ldsleshopitaux.ma\/#organization\"},\"alternateName\":\"Laboratoire Derb Soltane Les H\u00f4pitaux\",\"potentialAction\":[{\"@type\":\"SearchAction\",\"target\":{\"@type\":\"EntryPoint\",\"urlTemplate\":\"https:\/\/ldsleshopitaux.ma\/?s={search_term_string}\"},\"query-input\":{\"@type\":\"PropertyValueSpecification\",\"valueRequired\":true,\"valueName\":\"search_term_string\"}}],\"inLanguage\":\"en-US\"},{\"@type\":\"Organization\",\"@id\":\"https:\/\/ldsleshopitaux.ma\/#organization\",\"name\":\"Laboratoire d'Analyses M\u00e9dicales Derb Soltane Les H\u00f4pitaux\",\"alternateName\":\"Laboratoire Derb Soltane Les H\u00f4pitaux\",\"url\":\"https:\/\/ldsleshopitaux.ma\/\",\"logo\":{\"@type\":\"ImageObject\",\"inLanguage\":\"en-US\",\"@id\":\"https:\/\/ldsleshopitaux.ma\/#\/schema\/logo\/image\/\",\"url\":\"https:\/\/ldsleshopitaux.ma\/wp-content\/uploads\/2025\/12\/reactivite.ai-19.png\",\"contentUrl\":\"https:\/\/ldsleshopitaux.ma\/wp-content\/uploads\/2025\/12\/reactivite.ai-19.png\",\"width\":1181,\"height\":1181,\"caption\":\"Laboratoire d'Analyses M\u00e9dicales Derb Soltane Les H\u00f4pitaux\"},\"image\":{\"@id\":\"https:\/\/ldsleshopitaux.ma\/#\/schema\/logo\/image\/\"},\"description\":\"Fond\u00e9 en 1997, le Laboratoire d'Analyses M\u00e9dicales Derb Soltane Les H\u00f4pitaux est un \u00e9tablissement de sant\u00e9 de r\u00e9f\u00e9rence situ\u00e9 au c\u0153ur de Casablanca. Fort de plus de 28 ans d'expertise, notre laboratoire propose une large gamme d'analyses biologiques (biochimie, h\u00e9matologie, g\u00e9n\u00e9tique, biologie mol\u00e9culaire) et offre un service de pr\u00e9l\u00e8vements \u00e0 domicile disponible 24h\/7. Notre mission est d'assurer des diagnostics pr\u00e9cis et rapides pour nos patients et partenaires m\u00e9dicaux.\",\"email\":\"contact@ldsleshopitaux.ma\"}]}<\/script>\n<!-- \/ Yoast SEO Premium plugin. -->","yoast_head_json":{"title":"Professional Area - Laboratoire d&#039;analyses m\u00e9dicale derb soltane les h\u00f4pitaux","robots":{"index":"index","follow":"follow","max-snippet":"max-snippet:-1","max-image-preview":"max-image-preview:large","max-video-preview":"max-video-preview:-1"},"canonical":"https:\/\/ldsleshopitaux.ma\/en\/professional-area\/","og_locale":"en_US","og_type":"article","og_title":"Professional Area","og_description":"Professional Area This space is dedicated to healthcare professionals \u2013 physicians and biologists \u2013 who collaborate with our laboratory. Its purpose is to facilitate communication, the monitoring of analyses, and [&hellip;]","og_url":"https:\/\/ldsleshopitaux.ma\/en\/professional-area\/","og_site_name":"Laboratoire d&#039;analyses m\u00e9dicale derb soltane les h\u00f4pitaux","article_modified_time":"2025-12-30T15:22:57+00:00","og_image":[{"width":1181,"height":1181,"url":"https:\/\/ldsleshopitaux.ma\/wp-content\/uploads\/2025\/12\/reactivite.ai-8.png","type":"image\/png"}],"twitter_card":"summary_large_image","twitter_misc":{"Est. reading time":"1 minute"},"schema":{"@context":"https:\/\/schema.org","@graph":[{"@type":"WebPage","@id":"https:\/\/ldsleshopitaux.ma\/en\/professional-area\/","url":"https:\/\/ldsleshopitaux.ma\/en\/professional-area\/","name":"Professional Area - Laboratoire d&#039;analyses m\u00e9dicale derb soltane les h\u00f4pitaux","isPartOf":{"@id":"https:\/\/ldsleshopitaux.ma\/#website"},"primaryImageOfPage":{"@id":"https:\/\/ldsleshopitaux.ma\/en\/professional-area\/#primaryimage"},"image":{"@id":"https:\/\/ldsleshopitaux.ma\/en\/professional-area\/#primaryimage"},"thumbnailUrl":"https:\/\/ldsleshopitaux.ma\/wp-content\/uploads\/2025\/12\/reactivite.ai-8-768x768.png","datePublished":"2025-11-27T00:18:31+00:00","dateModified":"2025-12-30T15:22:57+00:00","breadcrumb":{"@id":"https:\/\/ldsleshopitaux.ma\/en\/professional-area\/#breadcrumb"},"inLanguage":"en-US","potentialAction":[{"@type":"ReadAction","target":["https:\/\/ldsleshopitaux.ma\/en\/professional-area\/"]}]},{"@type":"ImageObject","inLanguage":"en-US","@id":"https:\/\/ldsleshopitaux.ma\/en\/professional-area\/#primaryimage","url":"https:\/\/ldsleshopitaux.ma\/wp-content\/uploads\/2025\/12\/reactivite.ai-8-768x768.png","contentUrl":"https:\/\/ldsleshopitaux.ma\/wp-content\/uploads\/2025\/12\/reactivite.ai-8-768x768.png"},{"@type":"BreadcrumbList","@id":"https:\/\/ldsleshopitaux.ma\/en\/professional-area\/#breadcrumb","itemListElement":[{"@type":"ListItem","position":1,"name":"Home","item":"https:\/\/ldsleshopitaux.ma\/en\/"},{"@type":"ListItem","position":2,"name":"Professional Area"}]},{"@type":"WebSite","@id":"https:\/\/ldsleshopitaux.ma\/#website","url":"https:\/\/ldsleshopitaux.ma\/","name":"Laboratoire d&#039;analyses m\u00e9dicale derb soltane les h\u00f4pitaux","description":"Le Premier Laboratoire de sous-traitance au Maroc","publisher":{"@id":"https:\/\/ldsleshopitaux.ma\/#organization"},"alternateName":"Laboratoire Derb Soltane Les H\u00f4pitaux","potentialAction":[{"@type":"SearchAction","target":{"@type":"EntryPoint","urlTemplate":"https:\/\/ldsleshopitaux.ma\/?s={search_term_string}"},"query-input":{"@type":"PropertyValueSpecification","valueRequired":true,"valueName":"search_term_string"}}],"inLanguage":"en-US"},{"@type":"Organization","@id":"https:\/\/ldsleshopitaux.ma\/#organization","name":"Laboratoire d'Analyses M\u00e9dicales Derb Soltane Les H\u00f4pitaux","alternateName":"Laboratoire Derb Soltane Les H\u00f4pitaux","url":"https:\/\/ldsleshopitaux.ma\/","logo":{"@type":"ImageObject","inLanguage":"en-US","@id":"https:\/\/ldsleshopitaux.ma\/#\/schema\/logo\/image\/","url":"https:\/\/ldsleshopitaux.ma\/wp-content\/uploads\/2025\/12\/reactivite.ai-19.png","contentUrl":"https:\/\/ldsleshopitaux.ma\/wp-content\/uploads\/2025\/12\/reactivite.ai-19.png","width":1181,"height":1181,"caption":"Laboratoire d'Analyses M\u00e9dicales Derb Soltane Les H\u00f4pitaux"},"image":{"@id":"https:\/\/ldsleshopitaux.ma\/#\/schema\/logo\/image\/"},"description":"Fond\u00e9 en 1997, le Laboratoire d'Analyses M\u00e9dicales Derb Soltane Les H\u00f4pitaux est un \u00e9tablissement de sant\u00e9 de r\u00e9f\u00e9rence situ\u00e9 au c\u0153ur de Casablanca. Fort de plus de 28 ans d'expertise, notre laboratoire propose une large gamme d'analyses biologiques (biochimie, h\u00e9matologie, g\u00e9n\u00e9tique, biologie mol\u00e9culaire) et offre un service de pr\u00e9l\u00e8vements \u00e0 domicile disponible 24h\/7. Notre mission est d'assurer des diagnostics pr\u00e9cis et rapides pour nos patients et partenaires m\u00e9dicaux.","email":"contact@ldsleshopitaux.ma"}]}},"_hostinger_reach_plugin_has_subscription_block":false,"_hostinger_reach_plugin_is_elementor":false,"_links":{"self":[{"href":"https:\/\/ldsleshopitaux.ma\/en\/wp-json\/wp\/v2\/pages\/3277","targetHints":{"allow":["GET"]}}],"collection":[{"href":"https:\/\/ldsleshopitaux.ma\/en\/wp-json\/wp\/v2\/pages"}],"about":[{"href":"https:\/\/ldsleshopitaux.ma\/en\/wp-json\/wp\/v2\/types\/page"}],"author":[{"embeddable":true,"href":"https:\/\/ldsleshopitaux.ma\/en\/wp-json\/wp\/v2\/users\/1"}],"replies":[{"embeddable":true,"href":"https:\/\/ldsleshopitaux.ma\/en\/wp-json\/wp\/v2\/comments?post=3277"}],"version-history":[{"count":20,"href":"https:\/\/ldsleshopitaux.ma\/en\/wp-json\/wp\/v2\/pages\/3277\/revisions"}],"predecessor-version":[{"id":3786,"href":"https:\/\/ldsleshopitaux.ma\/en\/wp-json\/wp\/v2\/pages\/3277\/revisions\/3786"}],"wp:attachment":[{"href":"https:\/\/ldsleshopitaux.ma\/en\/wp-json\/wp\/v2\/media?parent=3277"}],"curies":[{"name":"wp","href":"https:\/\/api.w.org\/{rel}","templated":true}]}}