{"id":3302,"date":"2025-11-26T23:23:18","date_gmt":"2025-11-26T23:23:18","guid":{"rendered":"https:\/\/labo.mindydigital.com\/%d8%aa%d9%88%d8%a7%d8%b5%d9%84-%d9%85%d8%b9%d9%86%d8%a7\/"},"modified":"2026-01-05T13:44:26","modified_gmt":"2026-01-05T13:44:26","slug":"%d8%aa%d9%88%d8%a7%d8%b5%d9%84-%d9%85%d8%b9%d9%86%d8%a7","status":"publish","type":"page","link":"https:\/\/ldsleshopitaux.ma\/ar\/%d8%aa%d9%88%d8%a7%d8%b5%d9%84-%d9%85%d8%b9%d9%86%d8%a7\/","title":{"rendered":"\u062a\u0648\u0627\u0635\u0644 \u0645\u0639\u0646\u0627"},"content":{"rendered":"\t\t<div data-elementor-type=\"wp-page\" data-elementor-id=\"3302\" class=\"elementor elementor-3302\" data-elementor-post-type=\"page\">\n\t\t\t\t\t\t<section class=\"elementor-section elementor-top-section elementor-element elementor-element-94ea210 elementor-section-boxed elementor-section-height-default elementor-section-height-default\" data-id=\"94ea210\" data-element_type=\"section\">\n\t\t\t\t\t\t<div class=\"elementor-container elementor-column-gap-default\">\n\t\t\t\t\t<div class=\"elementor-column elementor-col-50 elementor-top-column elementor-element elementor-element-7f9b5e7\" data-id=\"7f9b5e7\" data-element_type=\"column\">\n\t\t\t<div class=\"elementor-widget-wrap elementor-element-populated\">\n\t\t\t\t\t\t<div class=\"elementor-element elementor-element-6d67f2e elementor-widget elementor-widget-contact-box\" data-id=\"6d67f2e\" data-element_type=\"widget\" data-widget_type=\"contact-box.default\">\n\t\t\t\t<div class=\"elementor-widget-container\">\n\t\t\t\t\t        <div class=\"contact-info-wrap\">\r\n\t\t\t\t\t\t\t<h2 class=\"title\">\u062a\u0648\u0627\u0635\u0644 \u0645\u0639\u0646\u0627<\/h2>\r\n\t\t\t\t\t\t                            <ul class=\"list-wrap\">\r\n                \t                        <li>\r\n                            <div class=\"icon\">\r\n                                <i class=\"ficon flaticon-pin-1\"><\/i>\r\n                            <\/div>\r\n                            <div class=\"content\">\r\n                                <p>27 \u0634\u0627\u0631\u0639 \u0644\u062d\u0633\u0646 \u0627\u0644\u0639\u0631\u062c\u0648\u0646\u060c \u0643\u062d\u064a \u0627\u0644\u0645\u0633\u062a\u0634\u0641\u064a\u0627\u062a\u060c <br> \u0627\u0644\u062f\u0627\u0631\u0627\u0644\u0628\u064a\u0636\u0627\u0621<\/p>\r\n                            <\/div>\r\n                        <\/li>\r\n                                            <li>\r\n                            <div class=\"icon\">\r\n                                <i class=\"ficon flaticon-phone-call\"><\/i>\r\n                            <\/div>\r\n                            <div class=\"content\">\r\n                                <p>0522815936 <br> <\/p>\r\n                            <\/div>\r\n                        <\/li>\r\n                                            <li>\r\n                            <div class=\"icon\">\r\n                                <i class=\"ficon flaticon-email\"><\/i>\r\n                            <\/div>\r\n                            <div class=\"content\">\r\n                                <p>contact@ldsleshopitaux.ma <br> <\/p>\r\n                            <\/div>\r\n                        <\/li>\r\n                                    <\/ul>\r\n                    <\/div>\r\n\t\t\t\t\t<\/div>\n\t\t\t\t<\/div>\n\t\t\t\t\t<\/div>\n\t\t<\/div>\n\t\t\t\t<div class=\"elementor-column elementor-col-50 elementor-top-column elementor-element elementor-element-a1bf8d2\" data-id=\"a1bf8d2\" data-element_type=\"column\">\n\t\t\t<div class=\"elementor-widget-wrap elementor-element-populated\">\n\t\t\t\t\t\t<div class=\"elementor-element elementor-element-22952a8 elementor-widget elementor-widget-contact-box\" data-id=\"22952a8\" data-element_type=\"widget\" data-widget_type=\"contact-box.default\">\n\t\t\t\t<div class=\"elementor-widget-container\">\n\t\t\t\t\t        <div class=\"contact-info-wrap\">\r\n\t\t\t\t\t\t\t<h2 class=\"title\">\u0645\u0648\u0627\u0639\u064a\u062f \u0627\u0644\u0639\u0645\u0644<\/h2>\r\n\t\t\t\t\t\t                            <ul class=\"list-wrap\">\r\n                \t                        <li>\r\n                            <div class=\"icon\">\r\n                                <i class=\"ficon flaticon-support\"><\/i>\r\n                            <\/div>\r\n                            <div class=\"content\">\r\n                                <p>\u0645\u0646 \u0627\u0644\u0627\u062b\u0646\u064a\u0646 \u0625\u0644\u0649 \u0627\u0644\u062c\u0645\u0639\u0629 <br> 18:00 - 07:30<\/p>\r\n                            <\/div>\r\n                        <\/li>\r\n                                            <li>\r\n                            <div class=\"icon\">\r\n                                <i class=\"ficon flaticon-support\"><\/i>\r\n                            <\/div>\r\n                            <div class=\"content\">\r\n                                <p>\u0627\u0644\u0633\u0628\u062a <br> 13:00 - 07:30<\/p>\r\n                            <\/div>\r\n                        <\/li>\r\n                                            <li>\r\n                            <div class=\"icon\">\r\n                                <i class=\"ficon flaticon-support\"><\/i>\r\n                            <\/div>\r\n                            <div class=\"content\">\r\n                                <p>\u0631\u0645\u0636\u0627\u0646 <br> 16:00 - 08:30<\/p>\r\n                            <\/div>\r\n                        <\/li>\r\n                                            <li>\r\n                            <div class=\"icon\">\r\n                                <i class=\"ficon flaticon-support\"><\/i>\r\n                            <\/div>\r\n                            <div class=\"content\">\r\n                                <p>\u062d\u0627\u0644\u0627\u062a \u0627\u0644\u0637\u0648\u0627\u0631\u0626 <br> 24\/7<\/p>\r\n                            <\/div>\r\n                        <\/li>\r\n                                    <\/ul>\r\n                    <\/div>\r\n\t\t\t\t\t<\/div>\n\t\t\t\t<\/div>\n\t\t\t\t\t<\/div>\n\t\t<\/div>\n\t\t\t\t\t<\/div>\n\t\t<\/section>\n\t\t\t\t<section class=\"elementor-section elementor-top-section elementor-element elementor-element-cda733e elementor-section-full_width elementor-section-height-default elementor-section-height-default\" data-id=\"cda733e\" data-element_type=\"section\">\n\t\t\t\t\t\t<div class=\"elementor-container elementor-column-gap-default\">\n\t\t\t\t\t<div class=\"elementor-column elementor-col-100 elementor-top-column elementor-element elementor-element-4107e0a\" data-id=\"4107e0a\" data-element_type=\"column\">\n\t\t\t<div class=\"elementor-widget-wrap elementor-element-populated\">\n\t\t\t\t\t\t<div class=\"elementor-element elementor-element-d74386a elementor-widget elementor-widget-google_maps\" data-id=\"d74386a\" data-element_type=\"widget\" data-widget_type=\"google_maps.default\">\n\t\t\t\t\t\t\t<div class=\"elementor-custom-embed\">\n\t\t\t<iframe\n\t\t\t\t\tdata-src=\"https:\/\/maps.google.com\/maps?q=laboratoire%20d%27analyses%20m%C3%A9dicale%20derb%20soltane%20les%20h%C3%B4pitaux&#038;t=m&#038;z=13&#038;output=embed&#038;iwloc=near\"\n\t\t\t\t\ttitle=\"laboratoire d&#039;analyses m\u00e9dicale derb soltane les h\u00f4pitaux\"\n\t\t\t\t\taria-label=\"laboratoire d&#039;analyses m\u00e9dicale derb soltane les h\u00f4pitaux\"\n\t\t\t src=\"data:image\/gif;base64,R0lGODlhAQABAAAAACH5BAEKAAEALAAAAAABAAEAAAICTAEAOw==\" class=\"lazyload\" data-load-mode=\"1\"><\/iframe>\n\t\t<\/div>\n\t\t\t\t\t\t<\/div>\n\t\t\t\t\t<\/div>\n\t\t<\/div>\n\t\t\t\t\t<\/div>\n\t\t<\/section>\n\t\t\t\t<\/div>\n\t\t","protected":false},"excerpt":{"rendered":"<p>\u062a\u0648\u0627\u0635\u0644 \u0645\u0639\u0646\u0627 27 \u0634\u0627\u0631\u0639 \u0644\u062d\u0633\u0646 \u0627\u0644\u0639\u0631\u062c\u0648\u0646\u060c \u0643\u062d\u064a \u0627\u0644\u0645\u0633\u062a\u0634\u0641\u064a\u0627\u062a\u060c \u0627\u0644\u062f\u0627\u0631\u0627\u0644\u0628\u064a\u0636\u0627\u0621 0522815936 contact@ldsleshopitaux.ma \u0645\u0648\u0627\u0639\u064a\u062f \u0627\u0644\u0639\u0645\u0644 \u0645\u0646 \u0627\u0644\u0627\u062b\u0646\u064a\u0646 \u0625\u0644\u0649 \u0627\u0644\u062c\u0645\u0639\u0629 18:00 &#8211; 07:30 \u0627\u0644\u0633\u0628\u062a 13:00 &#8211; 07:30 \u0631\u0645\u0636\u0627\u0646 16:00 &#8211; 08:30 \u062d\u0627\u0644\u0627\u062a \u0627\u0644\u0637\u0648\u0627\u0631\u0626 [&hellip;]<\/p>\n","protected":false},"author":1,"featured_media":0,"parent":0,"menu_order":0,"comment_status":"closed","ping_status":"closed","template":"elementor_header_footer","meta":{"_acf_changed":false,"footnotes":""},"class_list":["post-3302","page","type-page","status-publish","hentry"],"acf":[],"yoast_head":"<!-- This site is optimized with the Yoast SEO Premium plugin v26.9 (Yoast SEO v26.9) - https:\/\/yoast.com\/product\/yoast-seo-premium-wordpress\/ -->\n<title>\u062a\u0648\u0627\u0635\u0644 \u0645\u0639\u0646\u0627 - Laboratoire d&#039;analyses m\u00e9dicale derb soltane les h\u00f4pitaux<\/title>\n<meta name=\"robots\" content=\"index, follow, max-snippet:-1, max-image-preview:large, max-video-preview:-1\" \/>\n<link rel=\"canonical\" href=\"https:\/\/ldsleshopitaux.ma\/ar\/\u062a\u0648\u0627\u0635\u0644-\u0645\u0639\u0646\u0627\/\" \/>\n<meta property=\"og:locale\" content=\"ar_AR\" \/>\n<meta property=\"og:type\" content=\"article\" \/>\n<meta property=\"og:title\" content=\"\u062a\u0648\u0627\u0635\u0644 \u0645\u0639\u0646\u0627\" \/>\n<meta property=\"og:description\" content=\"\u062a\u0648\u0627\u0635\u0644 \u0645\u0639\u0646\u0627 27 \u0634\u0627\u0631\u0639 \u0644\u062d\u0633\u0646 \u0627\u0644\u0639\u0631\u062c\u0648\u0646\u060c \u0643\u062d\u064a \u0627\u0644\u0645\u0633\u062a\u0634\u0641\u064a\u0627\u062a\u060c \u0627\u0644\u062f\u0627\u0631\u0627\u0644\u0628\u064a\u0636\u0627\u0621 0522815936 contact@ldsleshopitaux.ma \u0645\u0648\u0627\u0639\u064a\u062f \u0627\u0644\u0639\u0645\u0644 \u0645\u0646 \u0627\u0644\u0627\u062b\u0646\u064a\u0646 \u0625\u0644\u0649 \u0627\u0644\u062c\u0645\u0639\u0629 18:00 &#8211; 07:30 \u0627\u0644\u0633\u0628\u062a 13:00 &#8211; 07:30 \u0631\u0645\u0636\u0627\u0646 16:00 &#8211; 08:30 \u062d\u0627\u0644\u0627\u062a \u0627\u0644\u0637\u0648\u0627\u0631\u0626 [&hellip;]\" \/>\n<meta property=\"og:url\" content=\"https:\/\/ldsleshopitaux.ma\/ar\/\u062a\u0648\u0627\u0635\u0644-\u0645\u0639\u0646\u0627\/\" \/>\n<meta property=\"og:site_name\" content=\"Laboratoire d&#039;analyses m\u00e9dicale derb soltane les h\u00f4pitaux\" \/>\n<meta property=\"article:modified_time\" content=\"2026-01-05T13:44:26+00:00\" \/>\n<meta property=\"og:image\" content=\"https:\/\/ldsleshopitaux.ma\/wp-content\/uploads\/2025\/12\/reactivite.ai-19.png\" \/>\n\t<meta property=\"og:image:width\" content=\"1181\" \/>\n\t<meta property=\"og:image:height\" content=\"1181\" \/>\n\t<meta property=\"og:image:type\" content=\"image\/png\" \/>\n<meta name=\"twitter:card\" content=\"summary_large_image\" \/>\n<script type=\"application\/ld+json\" class=\"yoast-schema-graph\">{\"@context\":\"https:\/\/schema.org\",\"@graph\":[{\"@type\":\"WebPage\",\"@id\":\"https:\/\/ldsleshopitaux.ma\/ar\/%d8%aa%d9%88%d8%a7%d8%b5%d9%84-%d9%85%d8%b9%d9%86%d8%a7\/\",\"url\":\"https:\/\/ldsleshopitaux.ma\/ar\/%d8%aa%d9%88%d8%a7%d8%b5%d9%84-%d9%85%d8%b9%d9%86%d8%a7\/\",\"name\":\"\u062a\u0648\u0627\u0635\u0644 \u0645\u0639\u0646\u0627 - Laboratoire d&#039;analyses m\u00e9dicale derb soltane les h\u00f4pitaux\",\"isPartOf\":{\"@id\":\"https:\/\/ldsleshopitaux.ma\/#website\"},\"datePublished\":\"2025-11-26T23:23:18+00:00\",\"dateModified\":\"2026-01-05T13:44:26+00:00\",\"breadcrumb\":{\"@id\":\"https:\/\/ldsleshopitaux.ma\/ar\/%d8%aa%d9%88%d8%a7%d8%b5%d9%84-%d9%85%d8%b9%d9%86%d8%a7\/#breadcrumb\"},\"inLanguage\":\"ar\",\"potentialAction\":[{\"@type\":\"ReadAction\",\"target\":[\"https:\/\/ldsleshopitaux.ma\/ar\/%d8%aa%d9%88%d8%a7%d8%b5%d9%84-%d9%85%d8%b9%d9%86%d8%a7\/\"]}]},{\"@type\":\"BreadcrumbList\",\"@id\":\"https:\/\/ldsleshopitaux.ma\/ar\/%d8%aa%d9%88%d8%a7%d8%b5%d9%84-%d9%85%d8%b9%d9%86%d8%a7\/#breadcrumb\",\"itemListElement\":[{\"@type\":\"ListItem\",\"position\":1,\"name\":\"Home\",\"item\":\"https:\/\/ldsleshopitaux.ma\/\"},{\"@type\":\"ListItem\",\"position\":2,\"name\":\"\u062a\u0648\u0627\u0635\u0644 \u0645\u0639\u0646\u0627\"}]},{\"@type\":\"WebSite\",\"@id\":\"https:\/\/ldsleshopitaux.ma\/#website\",\"url\":\"https:\/\/ldsleshopitaux.ma\/\",\"name\":\"Laboratoire d&#039;analyses m\u00e9dicale derb soltane les h\u00f4pitaux\",\"description\":\"Le Premier Laboratoire de sous-traitance au Maroc\",\"publisher\":{\"@id\":\"https:\/\/ldsleshopitaux.ma\/#organization\"},\"alternateName\":\"Laboratoire Derb Soltane Les H\u00f4pitaux\",\"potentialAction\":[{\"@type\":\"SearchAction\",\"target\":{\"@type\":\"EntryPoint\",\"urlTemplate\":\"https:\/\/ldsleshopitaux.ma\/?s={search_term_string}\"},\"query-input\":{\"@type\":\"PropertyValueSpecification\",\"valueRequired\":true,\"valueName\":\"search_term_string\"}}],\"inLanguage\":\"ar\"},{\"@type\":\"Organization\",\"@id\":\"https:\/\/ldsleshopitaux.ma\/#organization\",\"name\":\"Laboratoire d'Analyses M\u00e9dicales Derb Soltane Les H\u00f4pitaux\",\"alternateName\":\"Laboratoire Derb Soltane Les H\u00f4pitaux\",\"url\":\"https:\/\/ldsleshopitaux.ma\/\",\"logo\":{\"@type\":\"ImageObject\",\"inLanguage\":\"ar\",\"@id\":\"https:\/\/ldsleshopitaux.ma\/#\/schema\/logo\/image\/\",\"url\":\"https:\/\/ldsleshopitaux.ma\/wp-content\/uploads\/2025\/12\/reactivite.ai-19.png\",\"contentUrl\":\"https:\/\/ldsleshopitaux.ma\/wp-content\/uploads\/2025\/12\/reactivite.ai-19.png\",\"width\":1181,\"height\":1181,\"caption\":\"Laboratoire d'Analyses M\u00e9dicales Derb Soltane Les H\u00f4pitaux\"},\"image\":{\"@id\":\"https:\/\/ldsleshopitaux.ma\/#\/schema\/logo\/image\/\"},\"description\":\"Fond\u00e9 en 1997, le Laboratoire d'Analyses M\u00e9dicales Derb Soltane Les H\u00f4pitaux est un \u00e9tablissement de sant\u00e9 de r\u00e9f\u00e9rence situ\u00e9 au c\u0153ur de Casablanca. Fort de plus de 28 ans d'expertise, notre laboratoire propose une large gamme d'analyses biologiques (biochimie, h\u00e9matologie, g\u00e9n\u00e9tique, biologie mol\u00e9culaire) et offre un service de pr\u00e9l\u00e8vements \u00e0 domicile disponible 24h\/7. Notre mission est d'assurer des diagnostics pr\u00e9cis et rapides pour nos patients et partenaires m\u00e9dicaux.\",\"email\":\"contact@ldsleshopitaux.ma\"}]}<\/script>\n<!-- \/ Yoast SEO Premium plugin. -->","yoast_head_json":{"title":"\u062a\u0648\u0627\u0635\u0644 \u0645\u0639\u0646\u0627 - Laboratoire d&#039;analyses m\u00e9dicale derb soltane les h\u00f4pitaux","robots":{"index":"index","follow":"follow","max-snippet":"max-snippet:-1","max-image-preview":"max-image-preview:large","max-video-preview":"max-video-preview:-1"},"canonical":"https:\/\/ldsleshopitaux.ma\/ar\/\u062a\u0648\u0627\u0635\u0644-\u0645\u0639\u0646\u0627\/","og_locale":"ar_AR","og_type":"article","og_title":"\u062a\u0648\u0627\u0635\u0644 \u0645\u0639\u0646\u0627","og_description":"\u062a\u0648\u0627\u0635\u0644 \u0645\u0639\u0646\u0627 27 \u0634\u0627\u0631\u0639 \u0644\u062d\u0633\u0646 \u0627\u0644\u0639\u0631\u062c\u0648\u0646\u060c \u0643\u062d\u064a \u0627\u0644\u0645\u0633\u062a\u0634\u0641\u064a\u0627\u062a\u060c \u0627\u0644\u062f\u0627\u0631\u0627\u0644\u0628\u064a\u0636\u0627\u0621 0522815936 contact@ldsleshopitaux.ma \u0645\u0648\u0627\u0639\u064a\u062f \u0627\u0644\u0639\u0645\u0644 \u0645\u0646 \u0627\u0644\u0627\u062b\u0646\u064a\u0646 \u0625\u0644\u0649 \u0627\u0644\u062c\u0645\u0639\u0629 18:00 &#8211; 07:30 \u0627\u0644\u0633\u0628\u062a 13:00 &#8211; 07:30 \u0631\u0645\u0636\u0627\u0646 16:00 &#8211; 08:30 \u062d\u0627\u0644\u0627\u062a \u0627\u0644\u0637\u0648\u0627\u0631\u0626 [&hellip;]","og_url":"https:\/\/ldsleshopitaux.ma\/ar\/\u062a\u0648\u0627\u0635\u0644-\u0645\u0639\u0646\u0627\/","og_site_name":"Laboratoire d&#039;analyses m\u00e9dicale derb soltane les h\u00f4pitaux","article_modified_time":"2026-01-05T13:44:26+00:00","og_image":[{"width":1181,"height":1181,"url":"https:\/\/ldsleshopitaux.ma\/wp-content\/uploads\/2025\/12\/reactivite.ai-19.png","type":"image\/png"}],"twitter_card":"summary_large_image","schema":{"@context":"https:\/\/schema.org","@graph":[{"@type":"WebPage","@id":"https:\/\/ldsleshopitaux.ma\/ar\/%d8%aa%d9%88%d8%a7%d8%b5%d9%84-%d9%85%d8%b9%d9%86%d8%a7\/","url":"https:\/\/ldsleshopitaux.ma\/ar\/%d8%aa%d9%88%d8%a7%d8%b5%d9%84-%d9%85%d8%b9%d9%86%d8%a7\/","name":"\u062a\u0648\u0627\u0635\u0644 \u0645\u0639\u0646\u0627 - Laboratoire d&#039;analyses m\u00e9dicale derb soltane les h\u00f4pitaux","isPartOf":{"@id":"https:\/\/ldsleshopitaux.ma\/#website"},"datePublished":"2025-11-26T23:23:18+00:00","dateModified":"2026-01-05T13:44:26+00:00","breadcrumb":{"@id":"https:\/\/ldsleshopitaux.ma\/ar\/%d8%aa%d9%88%d8%a7%d8%b5%d9%84-%d9%85%d8%b9%d9%86%d8%a7\/#breadcrumb"},"inLanguage":"ar","potentialAction":[{"@type":"ReadAction","target":["https:\/\/ldsleshopitaux.ma\/ar\/%d8%aa%d9%88%d8%a7%d8%b5%d9%84-%d9%85%d8%b9%d9%86%d8%a7\/"]}]},{"@type":"BreadcrumbList","@id":"https:\/\/ldsleshopitaux.ma\/ar\/%d8%aa%d9%88%d8%a7%d8%b5%d9%84-%d9%85%d8%b9%d9%86%d8%a7\/#breadcrumb","itemListElement":[{"@type":"ListItem","position":1,"name":"Home","item":"https:\/\/ldsleshopitaux.ma\/"},{"@type":"ListItem","position":2,"name":"\u062a\u0648\u0627\u0635\u0644 \u0645\u0639\u0646\u0627"}]},{"@type":"WebSite","@id":"https:\/\/ldsleshopitaux.ma\/#website","url":"https:\/\/ldsleshopitaux.ma\/","name":"Laboratoire d&#039;analyses m\u00e9dicale derb soltane les h\u00f4pitaux","description":"Le Premier Laboratoire de sous-traitance au Maroc","publisher":{"@id":"https:\/\/ldsleshopitaux.ma\/#organization"},"alternateName":"Laboratoire Derb Soltane Les H\u00f4pitaux","potentialAction":[{"@type":"SearchAction","target":{"@type":"EntryPoint","urlTemplate":"https:\/\/ldsleshopitaux.ma\/?s={search_term_string}"},"query-input":{"@type":"PropertyValueSpecification","valueRequired":true,"valueName":"search_term_string"}}],"inLanguage":"ar"},{"@type":"Organization","@id":"https:\/\/ldsleshopitaux.ma\/#organization","name":"Laboratoire d'Analyses M\u00e9dicales Derb Soltane Les H\u00f4pitaux","alternateName":"Laboratoire Derb Soltane Les H\u00f4pitaux","url":"https:\/\/ldsleshopitaux.ma\/","logo":{"@type":"ImageObject","inLanguage":"ar","@id":"https:\/\/ldsleshopitaux.ma\/#\/schema\/logo\/image\/","url":"https:\/\/ldsleshopitaux.ma\/wp-content\/uploads\/2025\/12\/reactivite.ai-19.png","contentUrl":"https:\/\/ldsleshopitaux.ma\/wp-content\/uploads\/2025\/12\/reactivite.ai-19.png","width":1181,"height":1181,"caption":"Laboratoire d'Analyses M\u00e9dicales Derb Soltane Les H\u00f4pitaux"},"image":{"@id":"https:\/\/ldsleshopitaux.ma\/#\/schema\/logo\/image\/"},"description":"Fond\u00e9 en 1997, le Laboratoire d'Analyses M\u00e9dicales Derb Soltane Les H\u00f4pitaux est un \u00e9tablissement de sant\u00e9 de r\u00e9f\u00e9rence situ\u00e9 au c\u0153ur de Casablanca. Fort de plus de 28 ans d'expertise, notre laboratoire propose une large gamme d'analyses biologiques (biochimie, h\u00e9matologie, g\u00e9n\u00e9tique, biologie mol\u00e9culaire) et offre un service de pr\u00e9l\u00e8vements \u00e0 domicile disponible 24h\/7. Notre mission est d'assurer des diagnostics pr\u00e9cis et rapides pour nos patients et partenaires m\u00e9dicaux.","email":"contact@ldsleshopitaux.ma"}]}},"_hostinger_reach_plugin_has_subscription_block":false,"_hostinger_reach_plugin_is_elementor":false,"_links":{"self":[{"href":"https:\/\/ldsleshopitaux.ma\/ar\/wp-json\/wp\/v2\/pages\/3302","targetHints":{"allow":["GET"]}}],"collection":[{"href":"https:\/\/ldsleshopitaux.ma\/ar\/wp-json\/wp\/v2\/pages"}],"about":[{"href":"https:\/\/ldsleshopitaux.ma\/ar\/wp-json\/wp\/v2\/types\/page"}],"author":[{"embeddable":true,"href":"https:\/\/ldsleshopitaux.ma\/ar\/wp-json\/wp\/v2\/users\/1"}],"replies":[{"embeddable":true,"href":"https:\/\/ldsleshopitaux.ma\/ar\/wp-json\/wp\/v2\/comments?post=3302"}],"version-history":[{"count":31,"href":"https:\/\/ldsleshopitaux.ma\/ar\/wp-json\/wp\/v2\/pages\/3302\/revisions"}],"predecessor-version":[{"id":3897,"href":"https:\/\/ldsleshopitaux.ma\/ar\/wp-json\/wp\/v2\/pages\/3302\/revisions\/3897"}],"wp:attachment":[{"href":"https:\/\/ldsleshopitaux.ma\/ar\/wp-json\/wp\/v2\/media?parent=3302"}],"curies":[{"name":"wp","href":"https:\/\/api.w.org\/{rel}","templated":true}]}}